{"id":4056,"date":"2019-04-10T07:27:16","date_gmt":"2019-04-10T07:27:16","guid":{"rendered":"http:\/\/www.emilividal.com\/?page_id=4056"},"modified":"2019-05-06T16:40:38","modified_gmt":"2019-05-06T16:40:38","slug":"news-edifici-llavaneres-park","status":"publish","type":"page","link":"http:\/\/www.emilividal.com\/?page_id=4056","title":{"rendered":"News &#8211; Edifici Llavaneres Park"},"content":{"rendered":"\t\t<div data-elementor-type=\"wp-post\" data-elementor-id=\"4056\" class=\"elementor elementor-4056 elementor-bc-flex-widget\">\n\t\t\t\t\t\t<section class=\"elementor-section elementor-top-section elementor-element elementor-element-2e8f0c6 elementor-section-content-middle elementor-section-boxed elementor-section-height-default elementor-section-height-default\" data-id=\"2e8f0c6\" data-element_type=\"section\" data-settings=\"{&quot;background_background&quot;:&quot;classic&quot;}\">\n\t\t\t\t\t\t<div class=\"elementor-container elementor-column-gap-no\">\n\t\t\t\t\t<div class=\"elementor-column elementor-col-50 elementor-top-column elementor-element elementor-element-0389149\" data-id=\"0389149\" data-element_type=\"column\">\n\t\t\t<div class=\"elementor-widget-wrap elementor-element-populated\">\n\t\t\t\t\t\t<div class=\"elementor-element elementor-element-e24d5de elementor-widget elementor-widget-heading\" data-id=\"e24d5de\" data-element_type=\"widget\" data-widget_type=\"heading.default\">\n\t\t\t\t<div class=\"elementor-widget-container\">\n\t\t\t\t\t<h6 class=\"elementor-heading-title elementor-size-default\">NEWS<\/h6>\t\t\t\t<\/div>\n\t\t\t\t<\/div>\n\t\t\t\t<div class=\"elementor-element elementor-element-4916e1a elementor-widget elementor-widget-heading\" data-id=\"4916e1a\" data-element_type=\"widget\" data-widget_type=\"heading.default\">\n\t\t\t\t<div class=\"elementor-widget-container\">\n\t\t\t\t\t<h6 class=\"elementor-heading-title elementor-size-default\">EDIFICI llavaneres park\n<span style=\"font-weight: 400;text-transform: none\">  Sant Andreu de Llavaneres<\/span><\/h6>\t\t\t\t<\/div>\n\t\t\t\t<\/div>\n\t\t\t\t<div class=\"elementor-element elementor-element-f5a5c38 elementor-widget elementor-widget-spacer\" data-id=\"f5a5c38\" data-element_type=\"widget\" data-widget_type=\"spacer.default\">\n\t\t\t\t<div class=\"elementor-widget-container\">\n\t\t\t\t\t\t\t<div class=\"elementor-spacer\">\n\t\t\t<div class=\"elementor-spacer-inner\"><\/div>\n\t\t<\/div>\n\t\t\t\t\t\t<\/div>\n\t\t\t\t<\/div>\n\t\t\t\t\t<\/div>\n\t\t<\/div>\n\t\t\t\t<div class=\"elementor-column elementor-col-50 elementor-top-column elementor-element elementor-element-c60a9f3\" data-id=\"c60a9f3\" data-element_type=\"column\">\n\t\t\t<div class=\"elementor-widget-wrap elementor-element-populated\">\n\t\t\t\t\t\t<div class=\"elementor-element elementor-element-a3a9f4c elementor-widget elementor-widget-text-editor\" data-id=\"a3a9f4c\" data-element_type=\"widget\" data-widget_type=\"text-editor.default\">\n\t\t\t\t<div class=\"elementor-widget-container\">\n\t\t\t\t\t\t\t\t\t<p>Rehabilitaci\u00f3 fa\u00e7anes d&#8217;edifici d&#8217;habitatges.<\/p><p>\u00c0mbit d&#8217;actuaci\u00f3 3.000 m\u00b2<\/p>\t\t\t\t\t\t\t\t<\/div>\n\t\t\t\t<\/div>\n\t\t\t\t\t<\/div>\n\t\t<\/div>\n\t\t\t\t\t<\/div>\n\t\t<\/section>\n\t\t\t\t<section class=\"elementor-section elementor-top-section elementor-element elementor-element-29d4e11 elementor-section-boxed elementor-section-height-default elementor-section-height-default\" data-id=\"29d4e11\" data-element_type=\"section\">\n\t\t\t\t\t\t<div class=\"elementor-container elementor-column-gap-default\">\n\t\t\t\t\t<div class=\"elementor-column elementor-col-100 elementor-top-column elementor-element elementor-element-ede3462\" data-id=\"ede3462\" data-element_type=\"column\">\n\t\t\t<div class=\"elementor-widget-wrap elementor-element-populated\">\n\t\t\t\t\t\t<div class=\"elementor-element elementor-element-ef88735 elementor-widget elementor-widget-image-gallery\" data-id=\"ef88735\" data-element_type=\"widget\" data-widget_type=\"image-gallery.default\">\n\t\t\t\t<div class=\"elementor-widget-container\">\n\t\t\t\t\t\t\t<div class=\"elementor-image-gallery\">\n\t\t\t<div id='gallery-1' class='gallery galleryid-4056 gallery-columns-2 gallery-size-baroque-blog-grid'><figure class='gallery-item'>\n\t\t\t<div class='gallery-icon portrait'>\n\t\t\t\t<a data-elementor-open-lightbox=\"yes\" data-elementor-lightbox-slideshow=\"ef88735\" data-elementor-lightbox-title=\"llavaneres 1\" data-e-action-hash=\"#elementor-action%3Aaction%3Dlightbox%26settings%3DeyJpZCI6NDA1OCwidXJsIjoiaHR0cDpcL1wvd3d3LmVtaWxpdmlkYWwuY29tXC93cC1jb250ZW50XC91cGxvYWRzXC8yMDE5XC8wNFwvbGxhdmFuZXJlcy0xLmpwZyIsInNsaWRlc2hvdyI6ImVmODg3MzUifQ%3D%3D\" href='http:\/\/www.emilividal.com\/wp-content\/uploads\/2019\/04\/llavaneres-1.jpg'><img fetchpriority=\"high\" decoding=\"async\" width=\"592\" height=\"424\" src=\"http:\/\/www.emilividal.com\/wp-content\/uploads\/2019\/04\/llavaneres-1-592x424.jpg\" class=\"attachment-baroque-blog-grid size-baroque-blog-grid\" alt=\"\" \/><\/a>\n\t\t\t<\/div><\/figure>\n\t\t<\/div>\n\t\t<\/div>\n\t\t\t\t\t\t<\/div>\n\t\t\t\t<\/div>\n\t\t\t\t<div class=\"elementor-element elementor-element-a624a17 elementor-widget elementor-widget-heading\" data-id=\"a624a17\" data-element_type=\"widget\" data-widget_type=\"heading.default\">\n\t\t\t\t<div class=\"elementor-widget-container\">\n\t\t\t\t\t<h6 class=\"elementor-heading-title elementor-size-default\">NEXT\n<font color=\"#7a7a7a\"><span style=\"font-weight: 400;text-transform: none\">Category<\/span><\/font>  &gt;<\/h6>\t\t\t\t<\/div>\n\t\t\t\t<\/div>\n\t\t\t\t\t<\/div>\n\t\t<\/div>\n\t\t\t\t\t<\/div>\n\t\t<\/section>\n\t\t\t\t<\/div>\n\t\t","protected":false},"excerpt":{"rendered":"<p>NEWS EDIFICI llavaneres park Sant Andreu de Llavaneres Rehabilitaci\u00f3 fa\u00e7anes d&#8217;edifici d&#8217;habitatges. \u00c0mbit d&#8217;actuaci\u00f3 3.000 m\u00b2 NEXT Category &gt;<\/p>\n","protected":false},"author":1,"featured_media":0,"parent":0,"menu_order":0,"comment_status":"closed","ping_status":"closed","template":"template-fullwidth.php","meta":{"_monsterinsights_skip_tracking":false,"_monsterinsights_sitenote_active":false,"_monsterinsights_sitenote_note":"","_monsterinsights_sitenote_category":0,"footnotes":""},"class_list":["post-4056","page","type-page","status-publish","hentry","no-thumb"],"_links":{"self":[{"href":"http:\/\/www.emilividal.com\/index.php?rest_route=\/wp\/v2\/pages\/4056","targetHints":{"allow":["GET"]}}],"collection":[{"href":"http:\/\/www.emilividal.com\/index.php?rest_route=\/wp\/v2\/pages"}],"about":[{"href":"http:\/\/www.emilividal.com\/index.php?rest_route=\/wp\/v2\/types\/page"}],"author":[{"embeddable":true,"href":"http:\/\/www.emilividal.com\/index.php?rest_route=\/wp\/v2\/users\/1"}],"replies":[{"embeddable":true,"href":"http:\/\/www.emilividal.com\/index.php?rest_route=%2Fwp%2Fv2%2Fcomments&post=4056"}],"version-history":[{"count":4,"href":"http:\/\/www.emilividal.com\/index.php?rest_route=\/wp\/v2\/pages\/4056\/revisions"}],"predecessor-version":[{"id":4153,"href":"http:\/\/www.emilividal.com\/index.php?rest_route=\/wp\/v2\/pages\/4056\/revisions\/4153"}],"wp:attachment":[{"href":"http:\/\/www.emilividal.com\/index.php?rest_route=%2Fwp%2Fv2%2Fmedia&parent=4056"}],"curies":[{"name":"wp","href":"https:\/\/api.w.org\/{rel}","templated":true}]}}