{"id":3776,"date":"2019-02-15T12:36:19","date_gmt":"2019-02-15T12:36:19","guid":{"rendered":"http:\/\/www.emilividal.com\/?page_id=3776"},"modified":"2022-12-05T10:58:25","modified_gmt":"2022-12-05T10:58:25","slug":"on-the-road-ponts","status":"publish","type":"page","link":"http:\/\/www.emilividal.com\/?page_id=3776","title":{"rendered":"On the road &#8211; Ponts"},"content":{"rendered":"\t\t<div data-elementor-type=\"wp-post\" data-elementor-id=\"3776\" class=\"elementor elementor-3776 elementor-bc-flex-widget\">\n\t\t\t\t\t\t<section class=\"elementor-section elementor-top-section elementor-element elementor-element-2e8f0c6 elementor-section-content-middle elementor-section-boxed elementor-section-height-default elementor-section-height-default\" data-id=\"2e8f0c6\" data-element_type=\"section\" data-settings=\"{&quot;background_background&quot;:&quot;classic&quot;}\">\n\t\t\t\t\t\t<div class=\"elementor-container elementor-column-gap-no\">\n\t\t\t\t\t<div class=\"elementor-column elementor-col-50 elementor-top-column elementor-element elementor-element-0389149\" data-id=\"0389149\" data-element_type=\"column\">\n\t\t\t<div class=\"elementor-widget-wrap elementor-element-populated\">\n\t\t\t\t\t\t<div class=\"elementor-element elementor-element-e24d5de elementor-widget elementor-widget-heading\" data-id=\"e24d5de\" data-element_type=\"widget\" data-widget_type=\"heading.default\">\n\t\t\t\t<div class=\"elementor-widget-container\">\n\t\t\t\t\t<h6 class=\"elementor-heading-title elementor-size-default\">on the road<\/h6>\t\t\t\t<\/div>\n\t\t\t\t<\/div>\n\t\t\t\t<div class=\"elementor-element elementor-element-4916e1a elementor-widget elementor-widget-heading\" data-id=\"4916e1a\" data-element_type=\"widget\" data-widget_type=\"heading.default\">\n\t\t\t\t<div class=\"elementor-widget-container\">\n\t\t\t\t\t<h6 class=\"elementor-heading-title elementor-size-default\">ponts<\/h6>\t\t\t\t<\/div>\n\t\t\t\t<\/div>\n\t\t\t\t<div class=\"elementor-element elementor-element-f5a5c38 elementor-widget elementor-widget-spacer\" data-id=\"f5a5c38\" data-element_type=\"widget\" data-widget_type=\"spacer.default\">\n\t\t\t\t<div class=\"elementor-widget-container\">\n\t\t\t\t\t\t\t<div class=\"elementor-spacer\">\n\t\t\t<div class=\"elementor-spacer-inner\"><\/div>\n\t\t<\/div>\n\t\t\t\t\t\t<\/div>\n\t\t\t\t<\/div>\n\t\t\t\t\t<\/div>\n\t\t<\/div>\n\t\t\t\t<div class=\"elementor-column elementor-col-50 elementor-top-column elementor-element elementor-element-c60a9f3\" data-id=\"c60a9f3\" data-element_type=\"column\">\n\t\t\t<div class=\"elementor-widget-wrap elementor-element-populated\">\n\t\t\t\t\t\t<div class=\"elementor-element elementor-element-a3a9f4c elementor-widget elementor-widget-text-editor\" data-id=\"a3a9f4c\" data-element_type=\"widget\" data-widget_type=\"text-editor.default\">\n\t\t\t\t<div class=\"elementor-widget-container\">\n\t\t\t\t\t\t\t\t\t<p>Ponts sobre el Danubi a la magn\u00edfica Budapest,\u00a0<\/p><p>Nou acc\u00e9s a la capital a la bah\u00eda de Cadis.<\/p><p>El pont de la sorprenent Lisboa situat on el riu Tajo desemboca al&#8217;Atl\u00e0ntic.<\/p><p>Ii l&#8217;impressionant embassament de Riba-roja d&#8217;Ebre.<\/p>\t\t\t\t\t\t\t\t<\/div>\n\t\t\t\t<\/div>\n\t\t\t\t\t<\/div>\n\t\t<\/div>\n\t\t\t\t\t<\/div>\n\t\t<\/section>\n\t\t\t\t<section class=\"elementor-section elementor-top-section elementor-element elementor-element-29d4e11 elementor-section-boxed elementor-section-height-default elementor-section-height-default\" data-id=\"29d4e11\" data-element_type=\"section\">\n\t\t\t\t\t\t<div class=\"elementor-container elementor-column-gap-default\">\n\t\t\t\t\t<div class=\"elementor-column elementor-col-100 elementor-top-column elementor-element elementor-element-ede3462\" data-id=\"ede3462\" data-element_type=\"column\">\n\t\t\t<div class=\"elementor-widget-wrap elementor-element-populated\">\n\t\t\t\t\t\t<div class=\"elementor-element elementor-element-ef88735 elementor-widget elementor-widget-image-gallery\" data-id=\"ef88735\" data-element_type=\"widget\" data-widget_type=\"image-gallery.default\">\n\t\t\t\t<div class=\"elementor-widget-container\">\n\t\t\t\t\t\t\t<div class=\"elementor-image-gallery\">\n\t\t\t<div id='gallery-1' class='gallery galleryid-3776 gallery-columns-2 gallery-size-baroque-blog-grid'><figure class='gallery-item'>\n\t\t\t<div class='gallery-icon landscape'>\n\t\t\t\t<a data-elementor-open-lightbox=\"yes\" data-elementor-lightbox-slideshow=\"ef88735\" data-elementor-lightbox-title=\"BUDAPEST 1\" data-e-action-hash=\"#elementor-action%3Aaction%3Dlightbox%26settings%3DeyJpZCI6Mzc3OCwidXJsIjoiaHR0cDpcL1wvd3d3LmVtaWxpdmlkYWwuY29tXC93cC1jb250ZW50XC91cGxvYWRzXC8yMDE5XC8wMlwvQlVEQVBFU1QtMS5qcGciLCJzbGlkZXNob3ciOiJlZjg4NzM1In0%3D\" href='http:\/\/www.emilividal.com\/wp-content\/uploads\/2019\/02\/BUDAPEST-1.jpg'><img fetchpriority=\"high\" decoding=\"async\" width=\"592\" height=\"424\" src=\"http:\/\/www.emilividal.com\/wp-content\/uploads\/2019\/02\/BUDAPEST-1-592x424.jpg\" class=\"attachment-baroque-blog-grid size-baroque-blog-grid\" alt=\"\" \/><\/a>\n\t\t\t<\/div><\/figure><figure class='gallery-item'>\n\t\t\t<div class='gallery-icon landscape'>\n\t\t\t\t<a data-elementor-open-lightbox=\"yes\" data-elementor-lightbox-slideshow=\"ef88735\" data-elementor-lightbox-title=\"BUDAPEST 3\" data-e-action-hash=\"#elementor-action%3Aaction%3Dlightbox%26settings%3DeyJpZCI6Mzc3OSwidXJsIjoiaHR0cDpcL1wvd3d3LmVtaWxpdmlkYWwuY29tXC93cC1jb250ZW50XC91cGxvYWRzXC8yMDE5XC8wMlwvQlVEQVBFU1QtMy5qcGciLCJzbGlkZXNob3ciOiJlZjg4NzM1In0%3D\" href='http:\/\/www.emilividal.com\/wp-content\/uploads\/2019\/02\/BUDAPEST-3.jpg'><img decoding=\"async\" width=\"592\" height=\"424\" src=\"http:\/\/www.emilividal.com\/wp-content\/uploads\/2019\/02\/BUDAPEST-3-592x424.jpg\" class=\"attachment-baroque-blog-grid size-baroque-blog-grid\" alt=\"\" \/><\/a>\n\t\t\t<\/div><\/figure><figure class='gallery-item'>\n\t\t\t<div class='gallery-icon landscape'>\n\t\t\t\t<a data-elementor-open-lightbox=\"yes\" data-elementor-lightbox-slideshow=\"ef88735\" data-elementor-lightbox-title=\"BUDAPEST 5\" data-e-action-hash=\"#elementor-action%3Aaction%3Dlightbox%26settings%3DeyJpZCI6Mzc4MSwidXJsIjoiaHR0cDpcL1wvd3d3LmVtaWxpdmlkYWwuY29tXC93cC1jb250ZW50XC91cGxvYWRzXC8yMDE5XC8wMlwvQlVEQVBFU1QtNS5qcGciLCJzbGlkZXNob3ciOiJlZjg4NzM1In0%3D\" href='http:\/\/www.emilividal.com\/wp-content\/uploads\/2019\/02\/BUDAPEST-5.jpg'><img decoding=\"async\" width=\"592\" height=\"424\" src=\"http:\/\/www.emilividal.com\/wp-content\/uploads\/2019\/02\/BUDAPEST-5-592x424.jpg\" class=\"attachment-baroque-blog-grid size-baroque-blog-grid\" alt=\"\" \/><\/a>\n\t\t\t<\/div><\/figure><figure class='gallery-item'>\n\t\t\t<div class='gallery-icon landscape'>\n\t\t\t\t<a data-elementor-open-lightbox=\"yes\" data-elementor-lightbox-slideshow=\"ef88735\" data-elementor-lightbox-title=\"BUDAPEST 6\" data-e-action-hash=\"#elementor-action%3Aaction%3Dlightbox%26settings%3DeyJpZCI6Mzc4MiwidXJsIjoiaHR0cDpcL1wvd3d3LmVtaWxpdmlkYWwuY29tXC93cC1jb250ZW50XC91cGxvYWRzXC8yMDE5XC8wMlwvQlVEQVBFU1QtNi5qcGciLCJzbGlkZXNob3ciOiJlZjg4NzM1In0%3D\" href='http:\/\/www.emilividal.com\/wp-content\/uploads\/2019\/02\/BUDAPEST-6.jpg'><img loading=\"lazy\" decoding=\"async\" width=\"592\" height=\"424\" src=\"http:\/\/www.emilividal.com\/wp-content\/uploads\/2019\/02\/BUDAPEST-6-592x424.jpg\" class=\"attachment-baroque-blog-grid size-baroque-blog-grid\" alt=\"\" \/><\/a>\n\t\t\t<\/div><\/figure><figure class='gallery-item'>\n\t\t\t<div class='gallery-icon portrait'>\n\t\t\t\t<a data-elementor-open-lightbox=\"yes\" data-elementor-lightbox-slideshow=\"ef88735\" data-elementor-lightbox-title=\"BUDAPEST 7\" data-e-action-hash=\"#elementor-action%3Aaction%3Dlightbox%26settings%3DeyJpZCI6Mzc4MywidXJsIjoiaHR0cDpcL1wvd3d3LmVtaWxpdmlkYWwuY29tXC93cC1jb250ZW50XC91cGxvYWRzXC8yMDE5XC8wMlwvQlVEQVBFU1QtNy5qcGciLCJzbGlkZXNob3ciOiJlZjg4NzM1In0%3D\" href='http:\/\/www.emilividal.com\/wp-content\/uploads\/2019\/02\/BUDAPEST-7.jpg'><img loading=\"lazy\" decoding=\"async\" width=\"480\" height=\"424\" src=\"http:\/\/www.emilividal.com\/wp-content\/uploads\/2019\/02\/BUDAPEST-7-480x424.jpg\" class=\"attachment-baroque-blog-grid size-baroque-blog-grid\" alt=\"\" \/><\/a>\n\t\t\t<\/div><\/figure><figure class='gallery-item'>\n\t\t\t<div class='gallery-icon portrait'>\n\t\t\t\t<a data-elementor-open-lightbox=\"yes\" data-elementor-lightbox-slideshow=\"ef88735\" data-elementor-lightbox-title=\"78c1ac28-2235-425c-9bbf-4c5f985f3221\" data-e-action-hash=\"#elementor-action%3Aaction%3Dlightbox%26settings%3DeyJpZCI6NDM4MiwidXJsIjoiaHR0cDpcL1wvd3d3LmVtaWxpdmlkYWwuY29tXC93cC1jb250ZW50XC91cGxvYWRzXC8yMDIyXC8xMlwvNzhjMWFjMjgtMjIzNS00MjVjLTliYmYtNGM1Zjk4NWYzMjIxLmpwZyIsInNsaWRlc2hvdyI6ImVmODg3MzUifQ%3D%3D\" href='http:\/\/www.emilividal.com\/wp-content\/uploads\/2022\/12\/78c1ac28-2235-425c-9bbf-4c5f985f3221.jpg'><img loading=\"lazy\" decoding=\"async\" width=\"592\" height=\"424\" src=\"http:\/\/www.emilividal.com\/wp-content\/uploads\/2022\/12\/78c1ac28-2235-425c-9bbf-4c5f985f3221-592x424.jpg\" class=\"attachment-baroque-blog-grid size-baroque-blog-grid\" alt=\"\" \/><\/a>\n\t\t\t<\/div><\/figure><figure class='gallery-item'>\n\t\t\t<div class='gallery-icon portrait'>\n\t\t\t\t<a data-elementor-open-lightbox=\"yes\" data-elementor-lightbox-slideshow=\"ef88735\" data-elementor-lightbox-title=\"CADIZ\" data-e-action-hash=\"#elementor-action%3Aaction%3Dlightbox%26settings%3DeyJpZCI6Mzc4NiwidXJsIjoiaHR0cDpcL1wvd3d3LmVtaWxpdmlkYWwuY29tXC93cC1jb250ZW50XC91cGxvYWRzXC8yMDE5XC8wMlwvQ0FESVouanBnIiwic2xpZGVzaG93IjoiZWY4ODczNSJ9\" href='http:\/\/www.emilividal.com\/wp-content\/uploads\/2019\/02\/CADIZ.jpg'><img loading=\"lazy\" decoding=\"async\" width=\"480\" height=\"424\" src=\"http:\/\/www.emilividal.com\/wp-content\/uploads\/2019\/02\/CADIZ-480x424.jpg\" class=\"attachment-baroque-blog-grid size-baroque-blog-grid\" alt=\"\" \/><\/a>\n\t\t\t<\/div><\/figure><figure class='gallery-item'>\n\t\t\t<div class='gallery-icon landscape'>\n\t\t\t\t<a data-elementor-open-lightbox=\"yes\" data-elementor-lightbox-slideshow=\"ef88735\" data-elementor-lightbox-title=\"LISBOA B\" data-e-action-hash=\"#elementor-action%3Aaction%3Dlightbox%26settings%3DeyJpZCI6Mzc4OCwidXJsIjoiaHR0cDpcL1wvd3d3LmVtaWxpdmlkYWwuY29tXC93cC1jb250ZW50XC91cGxvYWRzXC8yMDE5XC8wMlwvTElTQk9BLUIuanBnIiwic2xpZGVzaG93IjoiZWY4ODczNSJ9\" href='http:\/\/www.emilividal.com\/wp-content\/uploads\/2019\/02\/LISBOA-B.jpg'><img loading=\"lazy\" decoding=\"async\" width=\"592\" height=\"424\" src=\"http:\/\/www.emilividal.com\/wp-content\/uploads\/2019\/02\/LISBOA-B-592x424.jpg\" class=\"attachment-baroque-blog-grid size-baroque-blog-grid\" alt=\"\" \/><\/a>\n\t\t\t<\/div><\/figure><figure class='gallery-item'>\n\t\t\t<div class='gallery-icon portrait'>\n\t\t\t\t<a data-elementor-open-lightbox=\"yes\" data-elementor-lightbox-slideshow=\"ef88735\" data-elementor-lightbox-title=\"LISBOA C\" data-e-action-hash=\"#elementor-action%3Aaction%3Dlightbox%26settings%3DeyJpZCI6Mzc4OSwidXJsIjoiaHR0cDpcL1wvd3d3LmVtaWxpdmlkYWwuY29tXC93cC1jb250ZW50XC91cGxvYWRzXC8yMDE5XC8wMlwvTElTQk9BLUMuanBnIiwic2xpZGVzaG93IjoiZWY4ODczNSJ9\" href='http:\/\/www.emilividal.com\/wp-content\/uploads\/2019\/02\/LISBOA-C.jpg'><img loading=\"lazy\" decoding=\"async\" width=\"480\" height=\"424\" src=\"http:\/\/www.emilividal.com\/wp-content\/uploads\/2019\/02\/LISBOA-C-480x424.jpg\" class=\"attachment-baroque-blog-grid size-baroque-blog-grid\" alt=\"\" \/><\/a>\n\t\t\t<\/div><\/figure><figure class='gallery-item'>\n\t\t\t<div class='gallery-icon portrait'>\n\t\t\t\t<a data-elementor-open-lightbox=\"yes\" data-elementor-lightbox-slideshow=\"ef88735\" data-elementor-lightbox-title=\"RIBAROJA 2\" data-e-action-hash=\"#elementor-action%3Aaction%3Dlightbox%26settings%3DeyJpZCI6Mzc5MSwidXJsIjoiaHR0cDpcL1wvd3d3LmVtaWxpdmlkYWwuY29tXC93cC1jb250ZW50XC91cGxvYWRzXC8yMDE5XC8wMlwvUklCQVJPSkEtMi5qcGciLCJzbGlkZXNob3ciOiJlZjg4NzM1In0%3D\" href='http:\/\/www.emilividal.com\/wp-content\/uploads\/2019\/02\/RIBAROJA-2.jpg'><img loading=\"lazy\" decoding=\"async\" width=\"480\" height=\"424\" src=\"http:\/\/www.emilividal.com\/wp-content\/uploads\/2019\/02\/RIBAROJA-2-480x424.jpg\" class=\"attachment-baroque-blog-grid size-baroque-blog-grid\" alt=\"\" \/><\/a>\n\t\t\t<\/div><\/figure><figure class='gallery-item'>\n\t\t\t<div class='gallery-icon landscape'>\n\t\t\t\t<a data-elementor-open-lightbox=\"yes\" data-elementor-lightbox-slideshow=\"ef88735\" data-elementor-lightbox-title=\"RIBAROJA 3\" data-e-action-hash=\"#elementor-action%3Aaction%3Dlightbox%26settings%3DeyJpZCI6Mzc5MiwidXJsIjoiaHR0cDpcL1wvd3d3LmVtaWxpdmlkYWwuY29tXC93cC1jb250ZW50XC91cGxvYWRzXC8yMDE5XC8wMlwvUklCQVJPSkEtMy5qcGciLCJzbGlkZXNob3ciOiJlZjg4NzM1In0%3D\" href='http:\/\/www.emilividal.com\/wp-content\/uploads\/2019\/02\/RIBAROJA-3.jpg'><img loading=\"lazy\" decoding=\"async\" width=\"592\" height=\"424\" src=\"http:\/\/www.emilividal.com\/wp-content\/uploads\/2019\/02\/RIBAROJA-3-592x424.jpg\" class=\"attachment-baroque-blog-grid size-baroque-blog-grid\" alt=\"\" \/><\/a>\n\t\t\t<\/div><\/figure><figure class='gallery-item'>\n\t\t\t<div class='gallery-icon landscape'>\n\t\t\t\t<a data-elementor-open-lightbox=\"yes\" data-elementor-lightbox-slideshow=\"ef88735\" data-elementor-lightbox-title=\"pont bilbao\" data-e-action-hash=\"#elementor-action%3Aaction%3Dlightbox%26settings%3DeyJpZCI6NDMxNSwidXJsIjoiaHR0cDpcL1wvd3d3LmVtaWxpdmlkYWwuY29tXC93cC1jb250ZW50XC91cGxvYWRzXC8yMDIxXC8xMFwvcG9udC1iaWxiYW8uanBnIiwic2xpZGVzaG93IjoiZWY4ODczNSJ9\" href='http:\/\/www.emilividal.com\/wp-content\/uploads\/2021\/10\/pont-bilbao.jpg'><img loading=\"lazy\" decoding=\"async\" width=\"592\" height=\"424\" src=\"http:\/\/www.emilividal.com\/wp-content\/uploads\/2021\/10\/pont-bilbao-592x424.jpg\" class=\"attachment-baroque-blog-grid size-baroque-blog-grid\" alt=\"\" \/><\/a>\n\t\t\t<\/div><\/figure><figure class='gallery-item'>\n\t\t\t<div class='gallery-icon landscape'>\n\t\t\t\t<a data-elementor-open-lightbox=\"yes\" data-elementor-lightbox-slideshow=\"ef88735\" data-elementor-lightbox-title=\"pont girona 2\" data-e-action-hash=\"#elementor-action%3Aaction%3Dlightbox%26settings%3DeyJpZCI6NDMxNiwidXJsIjoiaHR0cDpcL1wvd3d3LmVtaWxpdmlkYWwuY29tXC93cC1jb250ZW50XC91cGxvYWRzXC8yMDIxXC8xMFwvcG9udC1naXJvbmEtMi5qcGciLCJzbGlkZXNob3ciOiJlZjg4NzM1In0%3D\" href='http:\/\/www.emilividal.com\/wp-content\/uploads\/2021\/10\/pont-girona-2.jpg'><img loading=\"lazy\" decoding=\"async\" width=\"592\" height=\"424\" src=\"http:\/\/www.emilividal.com\/wp-content\/uploads\/2021\/10\/pont-girona-2-592x424.jpg\" class=\"attachment-baroque-blog-grid size-baroque-blog-grid\" alt=\"\" \/><\/a>\n\t\t\t<\/div><\/figure><figure class='gallery-item'>\n\t\t\t<div class='gallery-icon landscape'>\n\t\t\t\t<a data-elementor-open-lightbox=\"yes\" data-elementor-lightbox-slideshow=\"ef88735\" data-elementor-lightbox-title=\"pont pobla de massaluca\" data-e-action-hash=\"#elementor-action%3Aaction%3Dlightbox%26settings%3DeyJpZCI6NDMxNywidXJsIjoiaHR0cDpcL1wvd3d3LmVtaWxpdmlkYWwuY29tXC93cC1jb250ZW50XC91cGxvYWRzXC8yMDIxXC8xMFwvcG9udC1wb2JsYS1kZS1tYXNzYWx1Y2EuanBnIiwic2xpZGVzaG93IjoiZWY4ODczNSJ9\" href='http:\/\/www.emilividal.com\/wp-content\/uploads\/2021\/10\/pont-pobla-de-massaluca.jpg'><img loading=\"lazy\" decoding=\"async\" width=\"592\" height=\"424\" src=\"http:\/\/www.emilividal.com\/wp-content\/uploads\/2021\/10\/pont-pobla-de-massaluca-592x424.jpg\" class=\"attachment-baroque-blog-grid size-baroque-blog-grid\" alt=\"\" \/><\/a>\n\t\t\t<\/div><\/figure>\n\t\t<\/div>\n\t\t<\/div>\n\t\t\t\t\t\t<\/div>\n\t\t\t\t<\/div>\n\t\t\t\t<div class=\"elementor-element elementor-element-a624a17 elementor-widget elementor-widget-heading\" data-id=\"a624a17\" data-element_type=\"widget\" data-widget_type=\"heading.default\">\n\t\t\t\t<div class=\"elementor-widget-container\">\n\t\t\t\t\t<h6 class=\"elementor-heading-title elementor-size-default\">NEXT\n<font color=\"#7a7a7a\"><span style=\"font-weight: 400;text-transform: none\">Category<\/span><\/font>  &gt;<\/h6>\t\t\t\t<\/div>\n\t\t\t\t<\/div>\n\t\t\t\t\t<\/div>\n\t\t<\/div>\n\t\t\t\t\t<\/div>\n\t\t<\/section>\n\t\t\t\t<\/div>\n\t\t","protected":false},"excerpt":{"rendered":"<p>on the road ponts Ponts sobre el Danubi a la magn\u00edfica Budapest,\u00a0 Nou acc\u00e9s a la capital a la bah\u00eda de Cadis. El pont de la sorprenent Lisboa situat on el riu Tajo desemboca al&#8217;Atl\u00e0ntic. Ii l&#8217;impressionant embassament de Riba-roja d&#8217;Ebre. NEXT Category &gt;<\/p>\n","protected":false},"author":1,"featured_media":0,"parent":0,"menu_order":0,"comment_status":"closed","ping_status":"closed","template":"template-fullwidth.php","meta":{"_monsterinsights_skip_tracking":false,"_monsterinsights_sitenote_active":false,"_monsterinsights_sitenote_note":"","_monsterinsights_sitenote_category":0,"footnotes":""},"class_list":["post-3776","page","type-page","status-publish","hentry","no-thumb"],"_links":{"self":[{"href":"http:\/\/www.emilividal.com\/index.php?rest_route=\/wp\/v2\/pages\/3776","targetHints":{"allow":["GET"]}}],"collection":[{"href":"http:\/\/www.emilividal.com\/index.php?rest_route=\/wp\/v2\/pages"}],"about":[{"href":"http:\/\/www.emilividal.com\/index.php?rest_route=\/wp\/v2\/types\/page"}],"author":[{"embeddable":true,"href":"http:\/\/www.emilividal.com\/index.php?rest_route=\/wp\/v2\/users\/1"}],"replies":[{"embeddable":true,"href":"http:\/\/www.emilividal.com\/index.php?rest_route=%2Fwp%2Fv2%2Fcomments&post=3776"}],"version-history":[{"count":7,"href":"http:\/\/www.emilividal.com\/index.php?rest_route=\/wp\/v2\/pages\/3776\/revisions"}],"predecessor-version":[{"id":4383,"href":"http:\/\/www.emilividal.com\/index.php?rest_route=\/wp\/v2\/pages\/3776\/revisions\/4383"}],"wp:attachment":[{"href":"http:\/\/www.emilividal.com\/index.php?rest_route=%2Fwp%2Fv2%2Fmedia&parent=3776"}],"curies":[{"name":"wp","href":"https:\/\/api.w.org\/{rel}","templated":true}]}}