{"id":3323,"date":"2019-01-29T11:38:28","date_gmt":"2019-01-29T11:38:28","guid":{"rendered":"http:\/\/www.emilividal.com\/?page_id=3323"},"modified":"2019-05-07T07:10:51","modified_gmt":"2019-05-07T07:10:51","slug":"houses-vicenc","status":"publish","type":"page","link":"http:\/\/www.emilividal.com\/?page_id=3323","title":{"rendered":"Houses &#8211; Eusebi"},"content":{"rendered":"\t\t<div data-elementor-type=\"wp-post\" data-elementor-id=\"3323\" class=\"elementor elementor-3323 elementor-bc-flex-widget\">\n\t\t\t\t\t\t<section class=\"elementor-section elementor-top-section elementor-element elementor-element-2e8f0c6 elementor-section-content-middle elementor-section-boxed elementor-section-height-default elementor-section-height-default\" data-id=\"2e8f0c6\" data-element_type=\"section\" data-settings=\"{&quot;background_background&quot;:&quot;classic&quot;}\">\n\t\t\t\t\t\t<div class=\"elementor-container elementor-column-gap-no\">\n\t\t\t\t\t<div class=\"elementor-column elementor-col-50 elementor-top-column elementor-element elementor-element-0389149\" data-id=\"0389149\" data-element_type=\"column\">\n\t\t\t<div class=\"elementor-widget-wrap elementor-element-populated\">\n\t\t\t\t\t\t<div class=\"elementor-element elementor-element-e24d5de elementor-widget elementor-widget-heading\" data-id=\"e24d5de\" data-element_type=\"widget\" data-widget_type=\"heading.default\">\n\t\t\t\t<div class=\"elementor-widget-container\">\n\t\t\t\t\t<h6 class=\"elementor-heading-title elementor-size-default\">HOUSES\n<span style=\"font-size: 17px\">| PROJECTES<\/span><span style=\"font-size: 17px\"><\/span><\/h6>\t\t\t\t<\/div>\n\t\t\t\t<\/div>\n\t\t\t\t<div class=\"elementor-element elementor-element-4916e1a elementor-widget elementor-widget-heading\" data-id=\"4916e1a\" data-element_type=\"widget\" data-widget_type=\"heading.default\">\n\t\t\t\t<div class=\"elementor-widget-container\">\n\t\t\t\t\t<h6 class=\"elementor-heading-title elementor-size-default\">casa EUSEBI\n<span style=\"font-weight: 400;text-transform: none\"> Gav\u00e0<\/span><\/h6>\t\t\t\t<\/div>\n\t\t\t\t<\/div>\n\t\t\t\t<div class=\"elementor-element elementor-element-f5a5c38 elementor-widget elementor-widget-spacer\" data-id=\"f5a5c38\" data-element_type=\"widget\" data-widget_type=\"spacer.default\">\n\t\t\t\t<div class=\"elementor-widget-container\">\n\t\t\t\t\t\t\t<div class=\"elementor-spacer\">\n\t\t\t<div class=\"elementor-spacer-inner\"><\/div>\n\t\t<\/div>\n\t\t\t\t\t\t<\/div>\n\t\t\t\t<\/div>\n\t\t\t\t\t<\/div>\n\t\t<\/div>\n\t\t\t\t<div class=\"elementor-column elementor-col-50 elementor-top-column elementor-element elementor-element-c60a9f3\" data-id=\"c60a9f3\" data-element_type=\"column\">\n\t\t\t<div class=\"elementor-widget-wrap elementor-element-populated\">\n\t\t\t\t\t\t<div class=\"elementor-element elementor-element-a3a9f4c elementor-widget elementor-widget-text-editor\" data-id=\"a3a9f4c\" data-element_type=\"widget\" data-widget_type=\"text-editor.default\">\n\t\t\t\t<div class=\"elementor-widget-container\">\n\t\t\t\t\t\t\t\t\t<p>Sobre un tur\u00f3 de Gav\u00e0, amb vistes a la gran plana de la desembocadura del Llobregat i el Mediterrani, s&#8217;aixeca aquesta vivenda de luxe.<\/p><p>Unes franges estucades color blanc envolten el per\u00edmetre exterior de la vivenda. dintre d&#8217;aquests s&#8217;incorporen les obertures d&#8217;alumini color antracita, i panys de pedra en sec imitant al color de les roques del turons que hi ha als voltants.<\/p>\t\t\t\t\t\t\t\t<\/div>\n\t\t\t\t<\/div>\n\t\t\t\t\t<\/div>\n\t\t<\/div>\n\t\t\t\t\t<\/div>\n\t\t<\/section>\n\t\t\t\t<section class=\"elementor-section elementor-top-section elementor-element elementor-element-29d4e11 elementor-section-boxed elementor-section-height-default elementor-section-height-default\" data-id=\"29d4e11\" data-element_type=\"section\">\n\t\t\t\t\t\t<div class=\"elementor-container elementor-column-gap-default\">\n\t\t\t\t\t<div class=\"elementor-column elementor-col-100 elementor-top-column elementor-element elementor-element-ede3462\" data-id=\"ede3462\" data-element_type=\"column\">\n\t\t\t<div class=\"elementor-widget-wrap elementor-element-populated\">\n\t\t\t\t\t\t<div class=\"elementor-element elementor-element-ef88735 elementor-widget elementor-widget-image-gallery\" data-id=\"ef88735\" data-element_type=\"widget\" data-widget_type=\"image-gallery.default\">\n\t\t\t\t<div class=\"elementor-widget-container\">\n\t\t\t\t\t\t\t<div class=\"elementor-image-gallery\">\n\t\t\t<div id='gallery-1' class='gallery galleryid-3323 gallery-columns-2 gallery-size-baroque-blog-grid'><figure class='gallery-item'>\n\t\t\t<div class='gallery-icon landscape'>\n\t\t\t\t<a data-elementor-open-lightbox=\"yes\" data-elementor-lightbox-slideshow=\"ef88735\" data-elementor-lightbox-title=\"web03\" data-e-action-hash=\"#elementor-action%3Aaction%3Dlightbox%26settings%3DeyJpZCI6MzMyNiwidXJsIjoiaHR0cDpcL1wvd3d3LmVtaWxpdmlkYWwuY29tXC93cC1jb250ZW50XC91cGxvYWRzXC8yMDE5XC8wMVwvd2ViMDMuanBnIiwic2xpZGVzaG93IjoiZWY4ODczNSJ9\" href='http:\/\/www.emilividal.com\/wp-content\/uploads\/2019\/01\/web03.jpg'><img fetchpriority=\"high\" decoding=\"async\" width=\"592\" height=\"424\" src=\"http:\/\/www.emilividal.com\/wp-content\/uploads\/2019\/01\/web03-592x424.jpg\" class=\"attachment-baroque-blog-grid size-baroque-blog-grid\" alt=\"\" \/><\/a>\n\t\t\t<\/div><\/figure><figure class='gallery-item'>\n\t\t\t<div class='gallery-icon landscape'>\n\t\t\t\t<a data-elementor-open-lightbox=\"yes\" data-elementor-lightbox-slideshow=\"ef88735\" data-elementor-lightbox-title=\"web04\" data-e-action-hash=\"#elementor-action%3Aaction%3Dlightbox%26settings%3DeyJpZCI6MzMyNywidXJsIjoiaHR0cDpcL1wvd3d3LmVtaWxpdmlkYWwuY29tXC93cC1jb250ZW50XC91cGxvYWRzXC8yMDE5XC8wMVwvd2ViMDQuanBnIiwic2xpZGVzaG93IjoiZWY4ODczNSJ9\" href='http:\/\/www.emilividal.com\/wp-content\/uploads\/2019\/01\/web04.jpg'><img decoding=\"async\" width=\"592\" height=\"424\" src=\"http:\/\/www.emilividal.com\/wp-content\/uploads\/2019\/01\/web04-592x424.jpg\" class=\"attachment-baroque-blog-grid size-baroque-blog-grid\" alt=\"\" \/><\/a>\n\t\t\t<\/div><\/figure><figure class='gallery-item'>\n\t\t\t<div class='gallery-icon landscape'>\n\t\t\t\t<a data-elementor-open-lightbox=\"yes\" data-elementor-lightbox-slideshow=\"ef88735\" data-elementor-lightbox-title=\"web01\" data-e-action-hash=\"#elementor-action%3Aaction%3Dlightbox%26settings%3DeyJpZCI6MzQzMiwidXJsIjoiaHR0cDpcL1wvd3d3LmVtaWxpdmlkYWwuY29tXC93cC1jb250ZW50XC91cGxvYWRzXC8yMDE5XC8wMlwvd2ViMDEuanBnIiwic2xpZGVzaG93IjoiZWY4ODczNSJ9\" href='http:\/\/www.emilividal.com\/wp-content\/uploads\/2019\/02\/web01.jpg'><img decoding=\"async\" width=\"592\" height=\"424\" src=\"http:\/\/www.emilividal.com\/wp-content\/uploads\/2019\/02\/web01-592x424.jpg\" class=\"attachment-baroque-blog-grid size-baroque-blog-grid\" alt=\"\" \/><\/a>\n\t\t\t<\/div><\/figure><figure class='gallery-item'>\n\t\t\t<div class='gallery-icon portrait'>\n\t\t\t\t<a data-elementor-open-lightbox=\"yes\" data-elementor-lightbox-slideshow=\"ef88735\" data-elementor-lightbox-title=\"web02\" data-e-action-hash=\"#elementor-action%3Aaction%3Dlightbox%26settings%3DeyJpZCI6MzQzMywidXJsIjoiaHR0cDpcL1wvd3d3LmVtaWxpdmlkYWwuY29tXC93cC1jb250ZW50XC91cGxvYWRzXC8yMDE5XC8wMlwvd2ViMDIuanBnIiwic2xpZGVzaG93IjoiZWY4ODczNSJ9\" href='http:\/\/www.emilividal.com\/wp-content\/uploads\/2019\/02\/web02.jpg'><img loading=\"lazy\" decoding=\"async\" width=\"518\" height=\"424\" src=\"http:\/\/www.emilividal.com\/wp-content\/uploads\/2019\/02\/web02-518x424.jpg\" class=\"attachment-baroque-blog-grid size-baroque-blog-grid\" alt=\"\" \/><\/a>\n\t\t\t<\/div><\/figure>\n\t\t<\/div>\n\t\t<\/div>\n\t\t\t\t\t\t<\/div>\n\t\t\t\t<\/div>\n\t\t\t\t<div class=\"elementor-element elementor-element-a624a17 elementor-widget elementor-widget-heading\" data-id=\"a624a17\" data-element_type=\"widget\" data-widget_type=\"heading.default\">\n\t\t\t\t<div class=\"elementor-widget-container\">\n\t\t\t\t\t<h6 class=\"elementor-heading-title elementor-size-default\"><a href=\"http:\/\/www.emilividal.com\/?page_id=3155\">NEXT\n<font color=\"#7a7a7a\"><span style=\"font-weight: 400;text-transform: none\">Project<\/span><\/font>  &gt;<\/a><\/h6>\t\t\t\t<\/div>\n\t\t\t\t<\/div>\n\t\t\t\t\t<\/div>\n\t\t<\/div>\n\t\t\t\t\t<\/div>\n\t\t<\/section>\n\t\t\t\t<\/div>\n\t\t","protected":false},"excerpt":{"rendered":"<p>HOUSES | PROJECTES casa EUSEBI Gav\u00e0 Sobre un tur\u00f3 de Gav\u00e0, amb vistes a la gran plana de la desembocadura del Llobregat i el Mediterrani, s&#8217;aixeca aquesta vivenda de luxe. Unes franges estucades color blanc envolten el per\u00edmetre exterior de la vivenda. dintre d&#8217;aquests s&#8217;incorporen les obertures d&#8217;alumini color antracita, i panys de pedra en [&hellip;]<\/p>\n","protected":false},"author":1,"featured_media":0,"parent":0,"menu_order":0,"comment_status":"closed","ping_status":"closed","template":"template-fullwidth.php","meta":{"_monsterinsights_skip_tracking":false,"_monsterinsights_sitenote_active":false,"_monsterinsights_sitenote_note":"","_monsterinsights_sitenote_category":0,"footnotes":""},"class_list":["post-3323","page","type-page","status-publish","hentry","no-thumb"],"_links":{"self":[{"href":"http:\/\/www.emilividal.com\/index.php?rest_route=\/wp\/v2\/pages\/3323","targetHints":{"allow":["GET"]}}],"collection":[{"href":"http:\/\/www.emilividal.com\/index.php?rest_route=\/wp\/v2\/pages"}],"about":[{"href":"http:\/\/www.emilividal.com\/index.php?rest_route=\/wp\/v2\/types\/page"}],"author":[{"embeddable":true,"href":"http:\/\/www.emilividal.com\/index.php?rest_route=\/wp\/v2\/users\/1"}],"replies":[{"embeddable":true,"href":"http:\/\/www.emilividal.com\/index.php?rest_route=%2Fwp%2Fv2%2Fcomments&post=3323"}],"version-history":[{"count":9,"href":"http:\/\/www.emilividal.com\/index.php?rest_route=\/wp\/v2\/pages\/3323\/revisions"}],"predecessor-version":[{"id":4161,"href":"http:\/\/www.emilividal.com\/index.php?rest_route=\/wp\/v2\/pages\/3323\/revisions\/4161"}],"wp:attachment":[{"href":"http:\/\/www.emilividal.com\/index.php?rest_route=%2Fwp%2Fv2%2Fmedia&parent=3323"}],"curies":[{"name":"wp","href":"https:\/\/api.w.org\/{rel}","templated":true}]}}