{"id":3188,"date":"2018-11-22T15:32:32","date_gmt":"2018-11-22T15:32:32","guid":{"rendered":"http:\/\/www.emilividal.com\/?page_id=3188"},"modified":"2019-05-07T08:28:12","modified_gmt":"2019-05-07T08:28:12","slug":"rehabilitacions-vila-oberta","status":"publish","type":"page","link":"http:\/\/www.emilividal.com\/?page_id=3188","title":{"rendered":"Rehabilitacions &#8211; El Maresme"},"content":{"rendered":"\t\t<div data-elementor-type=\"wp-post\" data-elementor-id=\"3188\" class=\"elementor elementor-3188 elementor-bc-flex-widget\">\n\t\t\t\t\t\t<section class=\"elementor-section elementor-top-section elementor-element elementor-element-2e8f0c6 elementor-section-content-middle elementor-section-boxed elementor-section-height-default elementor-section-height-default\" data-id=\"2e8f0c6\" data-element_type=\"section\" data-settings=\"{&quot;background_background&quot;:&quot;classic&quot;}\">\n\t\t\t\t\t\t<div class=\"elementor-container elementor-column-gap-no\">\n\t\t\t\t\t<div class=\"elementor-column elementor-col-50 elementor-top-column elementor-element elementor-element-0389149\" data-id=\"0389149\" data-element_type=\"column\">\n\t\t\t<div class=\"elementor-widget-wrap elementor-element-populated\">\n\t\t\t\t\t\t<div class=\"elementor-element elementor-element-e24d5de elementor-widget elementor-widget-heading\" data-id=\"e24d5de\" data-element_type=\"widget\" data-widget_type=\"heading.default\">\n\t\t\t\t<div class=\"elementor-widget-container\">\n\t\t\t\t\t<h6 class=\"elementor-heading-title elementor-size-default\">reHABILItACioNS\n<span style=\"font-size: 17px\">| PROJECTES<\/span><span style=\"font-size: 17px\"><\/span><\/h6>\t\t\t\t<\/div>\n\t\t\t\t<\/div>\n\t\t\t\t<div class=\"elementor-element elementor-element-4916e1a elementor-widget elementor-widget-heading\" data-id=\"4916e1a\" data-element_type=\"widget\" data-widget_type=\"heading.default\">\n\t\t\t\t<div class=\"elementor-widget-container\">\n\t\t\t\t\t<h6 class=\"elementor-heading-title elementor-size-default\">Rehabilitacions\n<span style=\"font-weight: 400;text-transform: none\"> Comarca del Maresme <\/span><\/h6>\t\t\t\t<\/div>\n\t\t\t\t<\/div>\n\t\t\t\t<div class=\"elementor-element elementor-element-f5a5c38 elementor-widget elementor-widget-spacer\" data-id=\"f5a5c38\" data-element_type=\"widget\" data-widget_type=\"spacer.default\">\n\t\t\t\t<div class=\"elementor-widget-container\">\n\t\t\t\t\t\t\t<div class=\"elementor-spacer\">\n\t\t\t<div class=\"elementor-spacer-inner\"><\/div>\n\t\t<\/div>\n\t\t\t\t\t\t<\/div>\n\t\t\t\t<\/div>\n\t\t\t\t\t<\/div>\n\t\t<\/div>\n\t\t\t\t<div class=\"elementor-column elementor-col-50 elementor-top-column elementor-element elementor-element-c60a9f3\" data-id=\"c60a9f3\" data-element_type=\"column\">\n\t\t\t<div class=\"elementor-widget-wrap elementor-element-populated\">\n\t\t\t\t\t\t<div class=\"elementor-element elementor-element-a3a9f4c elementor-widget elementor-widget-text-editor\" data-id=\"a3a9f4c\" data-element_type=\"widget\" data-widget_type=\"text-editor.default\">\n\t\t\t\t<div class=\"elementor-widget-container\">\n\t\t\t\t\t\t\t\t\t<p>Projectes singulars on hi ha un abans i despr\u00e9s de la intervenci\u00f3&#8230;limitada la seva superf\u00edcie d&#8217;actuaci\u00f3 per\u00f2 en alguns casos millorant i actualitzant de manera radical el seu aspecte.<\/p>\t\t\t\t\t\t\t\t<\/div>\n\t\t\t\t<\/div>\n\t\t\t\t\t<\/div>\n\t\t<\/div>\n\t\t\t\t\t<\/div>\n\t\t<\/section>\n\t\t\t\t<section class=\"elementor-section elementor-top-section elementor-element elementor-element-29d4e11 elementor-section-boxed elementor-section-height-default elementor-section-height-default\" data-id=\"29d4e11\" data-element_type=\"section\">\n\t\t\t\t\t\t<div class=\"elementor-container elementor-column-gap-default\">\n\t\t\t\t\t<div class=\"elementor-column elementor-col-100 elementor-top-column elementor-element elementor-element-ede3462\" data-id=\"ede3462\" data-element_type=\"column\">\n\t\t\t<div class=\"elementor-widget-wrap elementor-element-populated\">\n\t\t\t\t\t\t<div class=\"elementor-element elementor-element-ef88735 elementor-widget elementor-widget-image-gallery\" data-id=\"ef88735\" data-element_type=\"widget\" data-widget_type=\"image-gallery.default\">\n\t\t\t\t<div class=\"elementor-widget-container\">\n\t\t\t\t\t\t\t<div class=\"elementor-image-gallery\">\n\t\t\t<div id='gallery-1' class='gallery galleryid-3188 gallery-columns-2 gallery-size-baroque-blog-grid'><figure class='gallery-item'>\n\t\t\t<div class='gallery-icon portrait'>\n\t\t\t\t<a data-elementor-open-lightbox=\"yes\" data-elementor-lightbox-slideshow=\"ef88735\" data-elementor-lightbox-title=\"OLYMPUS DIGITAL CAMERA\" data-e-action-hash=\"#elementor-action%3Aaction%3Dlightbox%26settings%3DeyJpZCI6MzYyMywidXJsIjoiaHR0cDpcL1wvd3d3LmVtaWxpdmlkYWwuY29tXC93cC1jb250ZW50XC91cGxvYWRzXC8yMDE5XC8wMlwvQVYtTU9OVFNFUlJBVC0xLTEuanBnIiwic2xpZGVzaG93IjoiZWY4ODczNSJ9\" href='http:\/\/www.emilividal.com\/wp-content\/uploads\/2019\/02\/AV-MONTSERRAT-1-1.jpg'><img fetchpriority=\"high\" decoding=\"async\" width=\"592\" height=\"424\" src=\"http:\/\/www.emilividal.com\/wp-content\/uploads\/2019\/02\/AV-MONTSERRAT-1-1-592x424.jpg\" class=\"attachment-baroque-blog-grid size-baroque-blog-grid\" alt=\"\" aria-describedby=\"gallery-1-3623\" \/><\/a>\n\t\t\t<\/div>\n\t\t\t\t<figcaption class='wp-caption-text gallery-caption' id='gallery-1-3623'>\n\t\t\t\tPR3 Estat Inicial\n\t\t\t\t<\/figcaption><\/figure><figure class='gallery-item'>\n\t\t\t<div class='gallery-icon portrait'>\n\t\t\t\t<a data-elementor-open-lightbox=\"yes\" data-elementor-lightbox-slideshow=\"ef88735\" data-elementor-lightbox-title=\"AV MONTSERRAT 2\" data-e-action-hash=\"#elementor-action%3Aaction%3Dlightbox%26settings%3DeyJpZCI6MzYyNCwidXJsIjoiaHR0cDpcL1wvd3d3LmVtaWxpdmlkYWwuY29tXC93cC1jb250ZW50XC91cGxvYWRzXC8yMDE5XC8wMlwvQVYtTU9OVFNFUlJBVC0yLTEuanBnIiwic2xpZGVzaG93IjoiZWY4ODczNSJ9\" href='http:\/\/www.emilividal.com\/wp-content\/uploads\/2019\/02\/AV-MONTSERRAT-2-1.jpg'><img decoding=\"async\" width=\"497\" height=\"424\" src=\"http:\/\/www.emilividal.com\/wp-content\/uploads\/2019\/02\/AV-MONTSERRAT-2-1-497x424.jpg\" class=\"attachment-baroque-blog-grid size-baroque-blog-grid\" alt=\"\" aria-describedby=\"gallery-1-3624\" \/><\/a>\n\t\t\t<\/div>\n\t\t\t\t<figcaption class='wp-caption-text gallery-caption' id='gallery-1-3624'>\n\t\t\t\tPR3 Detall\n\t\t\t\t<\/figcaption><\/figure><figure class='gallery-item'>\n\t\t\t<div class='gallery-icon portrait'>\n\t\t\t\t<a data-elementor-open-lightbox=\"yes\" data-elementor-lightbox-slideshow=\"ef88735\" data-elementor-lightbox-title=\"CR BARCELONA 1\" data-e-action-hash=\"#elementor-action%3Aaction%3Dlightbox%26settings%3DeyJpZCI6MzYyNSwidXJsIjoiaHR0cDpcL1wvd3d3LmVtaWxpdmlkYWwuY29tXC93cC1jb250ZW50XC91cGxvYWRzXC8yMDE5XC8wMlwvQ1ItQkFSQ0VMT05BLTEtMS5qcGciLCJzbGlkZXNob3ciOiJlZjg4NzM1In0%3D\" href='http:\/\/www.emilividal.com\/wp-content\/uploads\/2019\/02\/CR-BARCELONA-1-1.jpg'><img decoding=\"async\" width=\"396\" height=\"424\" src=\"http:\/\/www.emilividal.com\/wp-content\/uploads\/2019\/02\/CR-BARCELONA-1-1-396x424.jpg\" class=\"attachment-baroque-blog-grid size-baroque-blog-grid\" alt=\"\" aria-describedby=\"gallery-1-3625\" \/><\/a>\n\t\t\t<\/div>\n\t\t\t\t<figcaption class='wp-caption-text gallery-caption' id='gallery-1-3625'>\n\t\t\t\tPR4 Estat Inicial\n\t\t\t\t<\/figcaption><\/figure><figure class='gallery-item'>\n\t\t\t<div class='gallery-icon portrait'>\n\t\t\t\t<a data-elementor-open-lightbox=\"yes\" data-elementor-lightbox-slideshow=\"ef88735\" data-elementor-lightbox-title=\"CR BARCELONA 2\" data-e-action-hash=\"#elementor-action%3Aaction%3Dlightbox%26settings%3DeyJpZCI6MzYyNiwidXJsIjoiaHR0cDpcL1wvd3d3LmVtaWxpdmlkYWwuY29tXC93cC1jb250ZW50XC91cGxvYWRzXC8yMDE5XC8wMlwvQ1ItQkFSQ0VMT05BLTItMS5qcGciLCJzbGlkZXNob3ciOiJlZjg4NzM1In0%3D\" href='http:\/\/www.emilividal.com\/wp-content\/uploads\/2019\/02\/CR-BARCELONA-2-1.jpg'><img loading=\"lazy\" decoding=\"async\" width=\"496\" height=\"424\" src=\"http:\/\/www.emilividal.com\/wp-content\/uploads\/2019\/02\/CR-BARCELONA-2-1-496x424.jpg\" class=\"attachment-baroque-blog-grid size-baroque-blog-grid\" alt=\"\" aria-describedby=\"gallery-1-3626\" \/><\/a>\n\t\t\t<\/div>\n\t\t\t\t<figcaption class='wp-caption-text gallery-caption' id='gallery-1-3626'>\n\t\t\t\tPR4 Detall\n\t\t\t\t<\/figcaption><\/figure><figure class='gallery-item'>\n\t\t\t<div class='gallery-icon portrait'>\n\t\t\t\t<a data-elementor-open-lightbox=\"yes\" data-elementor-lightbox-slideshow=\"ef88735\" data-elementor-lightbox-title=\"OLYMPUS DIGITAL CAMERA\" data-e-action-hash=\"#elementor-action%3Aaction%3Dlightbox%26settings%3DeyJpZCI6MzYyNywidXJsIjoiaHR0cDpcL1wvd3d3LmVtaWxpdmlkYWwuY29tXC93cC1jb250ZW50XC91cGxvYWRzXC8yMDE5XC8wMlwvQ1ItR0FSQkktMS0xLmpwZyIsInNsaWRlc2hvdyI6ImVmODg3MzUifQ%3D%3D\" href='http:\/\/www.emilividal.com\/wp-content\/uploads\/2019\/02\/CR-GARBI-1-1.jpg'><img loading=\"lazy\" decoding=\"async\" width=\"592\" height=\"424\" src=\"http:\/\/www.emilividal.com\/wp-content\/uploads\/2019\/02\/CR-GARBI-1-1-592x424.jpg\" class=\"attachment-baroque-blog-grid size-baroque-blog-grid\" alt=\"\" aria-describedby=\"gallery-1-3627\" \/><\/a>\n\t\t\t<\/div>\n\t\t\t\t<figcaption class='wp-caption-text gallery-caption' id='gallery-1-3627'>\n\t\t\t\tPR5 Estat Inicial\n\t\t\t\t<\/figcaption><\/figure><figure class='gallery-item'>\n\t\t\t<div class='gallery-icon portrait'>\n\t\t\t\t<a data-elementor-open-lightbox=\"yes\" data-elementor-lightbox-slideshow=\"ef88735\" data-elementor-lightbox-title=\"OLYMPUS DIGITAL CAMERA\" data-e-action-hash=\"#elementor-action%3Aaction%3Dlightbox%26settings%3DeyJpZCI6MzYyOCwidXJsIjoiaHR0cDpcL1wvd3d3LmVtaWxpdmlkYWwuY29tXC93cC1jb250ZW50XC91cGxvYWRzXC8yMDE5XC8wMlwvQ1ItR0FSQkktMi0xLmpwZyIsInNsaWRlc2hvdyI6ImVmODg3MzUifQ%3D%3D\" href='http:\/\/www.emilividal.com\/wp-content\/uploads\/2019\/02\/CR-GARBI-2-1.jpg'><img loading=\"lazy\" decoding=\"async\" width=\"592\" height=\"424\" src=\"http:\/\/www.emilividal.com\/wp-content\/uploads\/2019\/02\/CR-GARBI-2-1-592x424.jpg\" class=\"attachment-baroque-blog-grid size-baroque-blog-grid\" alt=\"\" aria-describedby=\"gallery-1-3628\" \/><\/a>\n\t\t\t<\/div>\n\t\t\t\t<figcaption class='wp-caption-text gallery-caption' id='gallery-1-3628'>\n\t\t\t\tPR5 Detall\n\t\t\t\t<\/figcaption><\/figure><figure class='gallery-item'>\n\t\t\t<div class='gallery-icon portrait'>\n\t\t\t\t<a data-elementor-open-lightbox=\"yes\" data-elementor-lightbox-slideshow=\"ef88735\" data-elementor-lightbox-title=\"OLYMPUS DIGITAL CAMERA\" data-e-action-hash=\"#elementor-action%3Aaction%3Dlightbox%26settings%3DeyJpZCI6MzYyOSwidXJsIjoiaHR0cDpcL1wvd3d3LmVtaWxpdmlkYWwuY29tXC93cC1jb250ZW50XC91cGxvYWRzXC8yMDE5XC8wMlwvUFMtTUFSSVRJTS0xLTEuanBnIiwic2xpZGVzaG93IjoiZWY4ODczNSJ9\" href='http:\/\/www.emilividal.com\/wp-content\/uploads\/2019\/02\/PS-MARITIM-1-1.jpg'><img loading=\"lazy\" decoding=\"async\" width=\"592\" height=\"424\" src=\"http:\/\/www.emilividal.com\/wp-content\/uploads\/2019\/02\/PS-MARITIM-1-1-592x424.jpg\" class=\"attachment-baroque-blog-grid size-baroque-blog-grid\" alt=\"\" aria-describedby=\"gallery-1-3629\" \/><\/a>\n\t\t\t<\/div>\n\t\t\t\t<figcaption class='wp-caption-text gallery-caption' id='gallery-1-3629'>\n\t\t\t\tPR6 Estat Inicial\n\t\t\t\t<\/figcaption><\/figure><figure class='gallery-item'>\n\t\t\t<div class='gallery-icon portrait'>\n\t\t\t\t<a data-elementor-open-lightbox=\"yes\" data-elementor-lightbox-slideshow=\"ef88735\" data-elementor-lightbox-title=\"OLYMPUS DIGITAL CAMERA\" data-e-action-hash=\"#elementor-action%3Aaction%3Dlightbox%26settings%3DeyJpZCI6MzYzMCwidXJsIjoiaHR0cDpcL1wvd3d3LmVtaWxpdmlkYWwuY29tXC93cC1jb250ZW50XC91cGxvYWRzXC8yMDE5XC8wMlwvUFMtTUFSSVRJTS0yLTEuanBnIiwic2xpZGVzaG93IjoiZWY4ODczNSJ9\" href='http:\/\/www.emilividal.com\/wp-content\/uploads\/2019\/02\/PS-MARITIM-2-1.jpg'><img loading=\"lazy\" decoding=\"async\" width=\"592\" height=\"424\" src=\"http:\/\/www.emilividal.com\/wp-content\/uploads\/2019\/02\/PS-MARITIM-2-1-592x424.jpg\" class=\"attachment-baroque-blog-grid size-baroque-blog-grid\" alt=\"\" aria-describedby=\"gallery-1-3630\" \/><\/a>\n\t\t\t<\/div>\n\t\t\t\t<figcaption class='wp-caption-text gallery-caption' id='gallery-1-3630'>\n\t\t\t\tPR6 Detall 1\n\t\t\t\t<\/figcaption><\/figure><figure class='gallery-item'>\n\t\t\t<div class='gallery-icon portrait'>\n\t\t\t\t<a data-elementor-open-lightbox=\"yes\" data-elementor-lightbox-slideshow=\"ef88735\" data-elementor-lightbox-title=\"OLYMPUS DIGITAL CAMERA\" data-e-action-hash=\"#elementor-action%3Aaction%3Dlightbox%26settings%3DeyJpZCI6MzYzMSwidXJsIjoiaHR0cDpcL1wvd3d3LmVtaWxpdmlkYWwuY29tXC93cC1jb250ZW50XC91cGxvYWRzXC8yMDE5XC8wMlwvUFMtTUFSSVRJTS0zLTEuanBnIiwic2xpZGVzaG93IjoiZWY4ODczNSJ9\" href='http:\/\/www.emilividal.com\/wp-content\/uploads\/2019\/02\/PS-MARITIM-3-1.jpg'><img loading=\"lazy\" decoding=\"async\" width=\"592\" height=\"424\" src=\"http:\/\/www.emilividal.com\/wp-content\/uploads\/2019\/02\/PS-MARITIM-3-1-592x424.jpg\" class=\"attachment-baroque-blog-grid size-baroque-blog-grid\" alt=\"\" aria-describedby=\"gallery-1-3631\" \/><\/a>\n\t\t\t<\/div>\n\t\t\t\t<figcaption class='wp-caption-text gallery-caption' id='gallery-1-3631'>\n\t\t\t\tPR6 Detall 2\n\t\t\t\t<\/figcaption><\/figure>\n\t\t<\/div>\n\t\t<\/div>\n\t\t\t\t\t\t<\/div>\n\t\t\t\t<\/div>\n\t\t\t\t<div class=\"elementor-element elementor-element-a624a17 elementor-widget elementor-widget-heading\" data-id=\"a624a17\" data-element_type=\"widget\" data-widget_type=\"heading.default\">\n\t\t\t\t<div class=\"elementor-widget-container\">\n\t\t\t\t\t<h6 class=\"elementor-heading-title elementor-size-default\"><a href=\"http:\/\/www.emilividal.com\/?page_id=3195\">NEXT\n<font color=\"#7a7a7a\"><span style=\"font-weight: 400;text-transform: none\">Project<\/span><\/font>  &gt;<\/a><\/h6>\t\t\t\t<\/div>\n\t\t\t\t<\/div>\n\t\t\t\t\t<\/div>\n\t\t<\/div>\n\t\t\t\t\t<\/div>\n\t\t<\/section>\n\t\t\t\t<\/div>\n\t\t","protected":false},"excerpt":{"rendered":"<p>reHABILItACioNS | PROJECTES Rehabilitacions Comarca del Maresme Projectes singulars on hi ha un abans i despr\u00e9s de la intervenci\u00f3&#8230;limitada la seva superf\u00edcie d&#8217;actuaci\u00f3 per\u00f2 en alguns casos millorant i actualitzant de manera radical el seu aspecte. NEXT Project &gt;<\/p>\n","protected":false},"author":1,"featured_media":0,"parent":0,"menu_order":0,"comment_status":"closed","ping_status":"closed","template":"template-fullwidth.php","meta":{"_monsterinsights_skip_tracking":false,"_monsterinsights_sitenote_active":false,"_monsterinsights_sitenote_note":"","_monsterinsights_sitenote_category":0,"footnotes":""},"class_list":["post-3188","page","type-page","status-publish","hentry","no-thumb"],"_links":{"self":[{"href":"http:\/\/www.emilividal.com\/index.php?rest_route=\/wp\/v2\/pages\/3188","targetHints":{"allow":["GET"]}}],"collection":[{"href":"http:\/\/www.emilividal.com\/index.php?rest_route=\/wp\/v2\/pages"}],"about":[{"href":"http:\/\/www.emilividal.com\/index.php?rest_route=\/wp\/v2\/types\/page"}],"author":[{"embeddable":true,"href":"http:\/\/www.emilividal.com\/index.php?rest_route=\/wp\/v2\/users\/1"}],"replies":[{"embeddable":true,"href":"http:\/\/www.emilividal.com\/index.php?rest_route=%2Fwp%2Fv2%2Fcomments&post=3188"}],"version-history":[{"count":12,"href":"http:\/\/www.emilividal.com\/index.php?rest_route=\/wp\/v2\/pages\/3188\/revisions"}],"predecessor-version":[{"id":4186,"href":"http:\/\/www.emilividal.com\/index.php?rest_route=\/wp\/v2\/pages\/3188\/revisions\/4186"}],"wp:attachment":[{"href":"http:\/\/www.emilividal.com\/index.php?rest_route=%2Fwp%2Fv2%2Fmedia&parent=3188"}],"curies":[{"name":"wp","href":"https:\/\/api.w.org\/{rel}","templated":true}]}}